{"id":6741,"date":"2026-04-16T13:09:47","date_gmt":"2026-04-16T13:09:47","guid":{"rendered":"https:\/\/houtbaygallery.co.za\/hbg\/?post_type=product&#038;p=6741"},"modified":"2026-04-16T13:11:12","modified_gmt":"2026-04-16T13:11:12","slug":"ory-bwens-katalayi-celebrites","status":"publish","type":"product","link":"https:\/\/houtbaygallery.co.za\/hbg\/product\/ory-bwens-katalayi-celebrites\/","title":{"rendered":"C\u00e9l\u00e9brit\u00e9s"},"content":{"rendered":"","protected":false},"excerpt":{"rendered":"<p>Ory Bwens Katalayi<br \/>\nMixed media on canvas<br \/>\n1400 x 1500 x 40 mm<br \/>\n2026<\/p>\n<p>ART ID 12279<\/p>\n","protected":false},"featured_media":6742,"template":"","meta":{"_kad_post_transparent":"default","_kad_post_title":"","_kad_post_layout":"default","_kad_post_sidebar_id":"","_kad_post_content_style":"default","_kad_post_vertical_padding":"default","_kad_post_feature":"","_kad_post_feature_position":"","_kad_post_header":false,"_kad_post_footer":false,"_kad_post_classname":""},"product_brand":[],"product_cat":[117],"product_tag":[],"class_list":{"0":"post-6741","1":"product","2":"type-product","3":"status-publish","4":"has-post-thumbnail","6":"product_cat-ory-bwens","8":"first","9":"instock","10":"taxable","11":"shipping-taxable","12":"purchasable","13":"product-type-simple","14":"entry","15":"content-bg","16":"loop-entry"},"_links":{"self":[{"href":"https:\/\/houtbaygallery.co.za\/hbg\/wp-json\/wp\/v2\/product\/6741","targetHints":{"allow":["GET"]}}],"collection":[{"href":"https:\/\/houtbaygallery.co.za\/hbg\/wp-json\/wp\/v2\/product"}],"about":[{"href":"https:\/\/houtbaygallery.co.za\/hbg\/wp-json\/wp\/v2\/types\/product"}],"wp:featuredmedia":[{"embeddable":true,"href":"https:\/\/houtbaygallery.co.za\/hbg\/wp-json\/wp\/v2\/media\/6742"}],"wp:attachment":[{"href":"https:\/\/houtbaygallery.co.za\/hbg\/wp-json\/wp\/v2\/media?parent=6741"}],"wp:term":[{"taxonomy":"product_brand","embeddable":true,"href":"https:\/\/houtbaygallery.co.za\/hbg\/wp-json\/wp\/v2\/product_brand?post=6741"},{"taxonomy":"product_cat","embeddable":true,"href":"https:\/\/houtbaygallery.co.za\/hbg\/wp-json\/wp\/v2\/product_cat?post=6741"},{"taxonomy":"product_tag","embeddable":true,"href":"https:\/\/houtbaygallery.co.za\/hbg\/wp-json\/wp\/v2\/product_tag?post=6741"}],"curies":[{"name":"wp","href":"https:\/\/api.w.org\/{rel}","templated":true}]}}